{"id":1000604,"date":"2020-05-06T15:45:49","date_gmt":"2020-05-06T13:45:49","guid":{"rendered":"https:\/\/www.ristorantealmoro.it\/cantina\/"},"modified":"2020-05-11T17:12:35","modified_gmt":"2020-05-11T15:12:35","slug":"weinkeller","status":"publish","type":"page","link":"https:\/\/www.ristorantealmoro.it\/de\/weinkeller\/","title":{"rendered":"Weinkeller"},"content":{"rendered":"<p>{&#8222;main-title&#8220;:{&#8222;component&#8220;:&#8220;hc_title&#8220;,&#8220;id&#8220;:&#8220;main-title&#8220;,&#8220;title&#8220;:&#8220;&#8220;,&#8220;subtitle&#8220;:&#8220;Auf der Suche nach dem passenden Wein&#8220;,&#8220;title_content&#8220;:{&#8222;component&#8220;:&#8220;hc_title_image&#8220;,&#8220;id&#8220;:&#8220;title-image&#8220;,&#8220;image&#8220;:&#8220;https:\/\/www.ristorantealmoro.it\/wp-content\/uploads\/revslider\/main-slider-3\/hd-14-1024&#215;576.jpg|1080|1920|1000067&#8243;,&#8220;full_screen&#8220;:false,&#8220;full_screen_height&#8220;:&#8220;&#8220;,&#8220;parallax&#8220;:true,&#8220;bleed&#8220;:&#8220;&#8220;,&#8220;ken_burn&#8220;:&#8220;ken-burn-center&#8220;,&#8220;overlay&#8220;:&#8220;transparent-dark&#8220;,&#8220;breadcrumbs&#8220;:false,&#8220;white&#8220;:true,&#8220;position&#8220;:&#8220;&#8220;}},&#8220;section_5ZtkF&#8220;:{&#8222;component&#8220;:&#8220;hc_section&#8220;,&#8220;id&#8220;:&#8220;section_5ZtkF&#8220;,&#8220;section_width&#8220;:&#8220;&#8220;,&#8220;animation&#8220;:&#8220;&#8220;,&#8220;animation_time&#8220;:&#8220;&#8220;,&#8220;timeline_animation&#8220;:&#8220;&#8220;,&#8220;timeline_delay&#8220;:&#8220;&#8220;,&#8220;timeline_order&#8220;:&#8220;&#8220;,&#8220;vertical_row&#8220;:&#8220;&#8220;,&#8220;box_middle&#8220;:&#8220;&#8220;,&#8220;css_classes&#8220;:&#8220;&#8220;,&#8220;custom_css_classes&#8220;:&#8220;&#8220;,&#8220;custom_css_styles&#8220;:&#8220;&#8220;,&#8220;section_content&#8220;:[{&#8222;component&#8220;:&#8220;hc_column&#8220;,&#8220;id&#8220;:&#8220;column_DeycV&#8220;,&#8220;column_width&#8220;:&#8220;col-md-12&#8243;,&#8220;animation&#8220;:&#8220;&#8220;,&#8220;animation_time&#8220;:&#8220;&#8220;,&#8220;timeline_animation&#8220;:&#8220;&#8220;,&#8220;timeline_delay&#8220;:&#8220;&#8220;,&#8220;timeline_order&#8220;:&#8220;&#8220;,&#8220;css_classes&#8220;:&#8220;&#8220;,&#8220;custom_css_classes&#8220;:&#8220;&#8220;,&#8220;custom_css_styles&#8220;:&#8220;&#8220;,&#8220;main_content&#8220;:[{&#8222;component&#8220;:&#8220;hc_text_block&#8220;,&#8220;id&#8220;:&#8220;yLRCT&#8220;,&#8220;css_classes&#8220;:&#8220;&#8220;,&#8220;custom_css_classes&#8220;:&#8220;&#8220;,&#8220;custom_css_styles&#8220;:&#8220;&#8220;,&#8220;content&#8220;:&#8220;Unser Weinkeller enth\u00e4lt eine Auswahl von ca. 150 Etiketten, die gut zu den vom K\u00fcchenchef vorgeschlagenen kulinarischen Angeboten passen. Das Angebot an Weinen erstreckt sich \u00fcber mehrere Regionen Italiens, wobei den lokalen elbanischen und toskanischen Weinen besondere Aufmerksamkeit geschenkt wird.\\n\\nUnsere Sommeliers helfen Ihnen bei der Auswahl des am besten passenden Weines und achten dabei auf Ihren Geschmack.&#8220;}]}],&#8220;section_settings&#8220;:&#8220;&#8220;},&#8220;scripts&#8220;:{&#8222;parallax&#8220;:&#8220;parallax.min.js&#8220;},&#8220;css&#8220;:{},&#8220;css_page&#8220;:&#8220;&#8220;,&#8220;template_setting&#8220;:{&#8222;settings&#8220;:{&#8222;id&#8220;:&#8220;settings&#8220;}},&#8220;template_setting_top&#8220;:{},&#8220;page_setting&#8220;:{&#8222;settings&#8220;:[&#8222;lock-mode-off&#8220;]}}<\/p>\n","protected":false},"excerpt":{"rendered":"<p>{&#8222;main-title&#8220;:{&#8222;component&#8220;:&#8220;hc_title&#8220;,&#8220;id&#8220;:&#8220;main-title&#8220;,&#8220;title&#8220;:&#8220;&#8220;,&#8220;subtitle&#8220;:&#8220;Auf der Suche nach dem passenden Wein&#8220;,&#8220;title_content&#8220;:{&#8222;component&#8220;:&#8220;hc_title_image&#8220;,&#8220;id&#8220;:&#8220;title-image&#8220;,&#8220;image&#8220;:&#8220;https:\/\/www.ristorantealmoro.it\/wp-content\/uploads\/revslider\/main-slider-3\/hd-14-1024&#215;576.jpg|1080|1920|1000067&#8243;,&#8220;full_screen&#8220;:false,&#8220;full_screen_height&#8220;:&#8220;&#8220;,&#8220;parallax&#8220;:true,&#8220;bleed&#8220;:&#8220;&#8220;,&#8220;ken_burn&#8220;:&#8220;ken-burn-center&#8220;,&#8220;overlay&#8220;:&#8220;transparent-dark&#8220;,&#8220;breadcrumbs&#8220;:false,&#8220;white&#8220;:true,&#8220;position&#8220;:&#8220;&#8220;}},&#8220;section_5ZtkF&#8220;:{&#8222;component&#8220;:&#8220;hc_section&#8220;,&#8220;id&#8220;:&#8220;section_5ZtkF&#8220;,&#8220;section_width&#8220;:&#8220;&#8220;,&#8220;animation&#8220;:&#8220;&#8220;,&#8220;animation_time&#8220;:&#8220;&#8220;,&#8220;timeline_animation&#8220;:&#8220;&#8220;,&#8220;timeline_delay&#8220;:&#8220;&#8220;,&#8220;timeline_order&#8220;:&#8220;&#8220;,&#8220;vertical_row&#8220;:&#8220;&#8220;,&#8220;box_middle&#8220;:&#8220;&#8220;,&#8220;css_classes&#8220;:&#8220;&#8220;,&#8220;custom_css_classes&#8220;:&#8220;&#8220;,&#8220;custom_css_styles&#8220;:&#8220;&#8220;,&#8220;section_content&#8220;:[{&#8222;component&#8220;:&#8220;hc_column&#8220;,&#8220;id&#8220;:&#8220;column_DeycV&#8220;,&#8220;column_width&#8220;:&#8220;col-md-12&#8243;,&#8220;animation&#8220;:&#8220;&#8220;,&#8220;animation_time&#8220;:&#8220;&#8220;,&#8220;timeline_animation&#8220;:&#8220;&#8220;,&#8220;timeline_delay&#8220;:&#8220;&#8220;,&#8220;timeline_order&#8220;:&#8220;&#8220;,&#8220;css_classes&#8220;:&#8220;&#8220;,&#8220;custom_css_classes&#8220;:&#8220;&#8220;,&#8220;custom_css_styles&#8220;:&#8220;&#8220;,&#8220;main_content&#8220;:[{&#8222;component&#8220;:&#8220;hc_text_block&#8220;,&#8220;id&#8220;:&#8220;yLRCT&#8220;,&#8220;css_classes&#8220;:&#8220;&#8220;,&#8220;custom_css_classes&#8220;:&#8220;&#8220;,&#8220;custom_css_styles&#8220;:&#8220;&#8220;,&#8220;content&#8220;:&#8220;Unser Weinkeller enth\u00e4lt eine Auswahl von ca. 150 Etiketten, die gut zu den vom K\u00fcchenchef vorgeschlagenen kulinarischen Angeboten passen. Das Angebot an Weinen erstreckt sich \u00fcber mehrere Regionen Italiens, wobei den lokalen elbanischen und toskanischen Weinen besondere Aufmerksamkeit geschenkt wird.\\n\\nUnsere Sommeliers helfen Ihnen bei der Auswahl des am besten [&hellip;]<\/p>\n","protected":false},"author":1,"featured_media":0,"parent":0,"menu_order":3,"comment_status":"closed","ping_status":"closed","template":"","meta":{"footnotes":""},"class_list":["post-1000604","page","type-page","status-publish","hentry"],"yoast_head":"<!-- This site is optimized with the Yoast SEO plugin v27.1.1 - https:\/\/yoast.com\/product\/yoast-seo-wordpress\/ -->\n<title>Weinkeller - Ristorante al Moro - Insel Elba<\/title>\n<meta name=\"description\" content=\"Unser Weinkeller enth\u00e4lt eine Auswahl von ca. 150 Etiketten, die gut zu den vom K\u00fcchenchef vorgeschlagenen kulinarischen Angeboten passen.\" \/>\n<meta name=\"robots\" content=\"index, follow, max-snippet:-1, max-image-preview:large, max-video-preview:-1\" \/>\n<link rel=\"canonical\" href=\"https:\/\/www.ristorantealmoro.it\/de\/weinkeller\/\" \/>\n<meta property=\"og:locale\" content=\"de_DE\" \/>\n<meta property=\"og:type\" content=\"article\" \/>\n<meta property=\"og:title\" content=\"Weinkeller - Ristorante al Moro - Insel Elba\" \/>\n<meta property=\"og:description\" content=\"Unser Weinkeller enth\u00e4lt eine Auswahl von ca. 150 Etiketten, die gut zu den vom K\u00fcchenchef vorgeschlagenen kulinarischen Angeboten passen.\" \/>\n<meta property=\"og:url\" content=\"https:\/\/www.ristorantealmoro.it\/de\/weinkeller\/\" \/>\n<meta property=\"og:site_name\" content=\"Ristorante al Moro\" \/>\n<meta property=\"article:publisher\" content=\"https:\/\/www.facebook.com\/ristorantealmoro\" \/>\n<meta property=\"article:modified_time\" content=\"2020-05-11T15:12:35+00:00\" \/>\n<meta name=\"twitter:card\" content=\"summary_large_image\" \/>\n<meta name=\"twitter:label1\" content=\"Gesch\u00e4tzte Lesezeit\" \/>\n\t<meta name=\"twitter:data1\" content=\"1\u00a0Minute\" \/>\n<script type=\"application\/ld+json\" class=\"yoast-schema-graph\">{\"@context\":\"https:\/\/schema.org\",\"@graph\":[{\"@type\":\"WebPage\",\"@id\":\"https:\/\/www.ristorantealmoro.it\/de\/weinkeller\/\",\"url\":\"https:\/\/www.ristorantealmoro.it\/de\/weinkeller\/\",\"name\":\"Weinkeller - Ristorante al Moro - Insel Elba\",\"isPartOf\":{\"@id\":\"https:\/\/www.ristorantealmoro.it\/de\/#website\"},\"datePublished\":\"2020-05-06T13:45:49+00:00\",\"dateModified\":\"2020-05-11T15:12:35+00:00\",\"description\":\"Unser Weinkeller enth\u00e4lt eine Auswahl von ca. 150 Etiketten, die gut zu den vom K\u00fcchenchef vorgeschlagenen kulinarischen Angeboten passen.\",\"breadcrumb\":{\"@id\":\"https:\/\/www.ristorantealmoro.it\/de\/weinkeller\/#breadcrumb\"},\"inLanguage\":\"de\",\"potentialAction\":[{\"@type\":\"ReadAction\",\"target\":[\"https:\/\/www.ristorantealmoro.it\/de\/weinkeller\/\"]}]},{\"@type\":\"BreadcrumbList\",\"@id\":\"https:\/\/www.ristorantealmoro.it\/de\/weinkeller\/#breadcrumb\",\"itemListElement\":[{\"@type\":\"ListItem\",\"position\":1,\"name\":\"Home\",\"item\":\"https:\/\/www.ristorantealmoro.it\/de\/\"},{\"@type\":\"ListItem\",\"position\":2,\"name\":\"Weinkeller\"}]},{\"@type\":\"WebSite\",\"@id\":\"https:\/\/www.ristorantealmoro.it\/de\/#website\",\"url\":\"https:\/\/www.ristorantealmoro.it\/de\/\",\"name\":\"Ristorante al Moro\",\"description\":\"Tradizione italiana e genio creativo\",\"publisher\":{\"@id\":\"https:\/\/www.ristorantealmoro.it\/de\/#organization\"},\"potentialAction\":[{\"@type\":\"SearchAction\",\"target\":{\"@type\":\"EntryPoint\",\"urlTemplate\":\"https:\/\/www.ristorantealmoro.it\/de\/?s={search_term_string}\"},\"query-input\":{\"@type\":\"PropertyValueSpecification\",\"valueRequired\":true,\"valueName\":\"search_term_string\"}}],\"inLanguage\":\"de\"},{\"@type\":\"Organization\",\"@id\":\"https:\/\/www.ristorantealmoro.it\/de\/#organization\",\"name\":\"Ristorante Al Moro\",\"url\":\"https:\/\/www.ristorantealmoro.it\/de\/\",\"logo\":{\"@type\":\"ImageObject\",\"inLanguage\":\"de\",\"@id\":\"https:\/\/www.ristorantealmoro.it\/de\/#\/schema\/logo\/image\/\",\"url\":\"https:\/\/www.ristorantealmoro.it\/wp-content\/uploads\/ristorante_al_moro_black.png\",\"contentUrl\":\"https:\/\/www.ristorantealmoro.it\/wp-content\/uploads\/ristorante_al_moro_black.png\",\"width\":280,\"height\":134,\"caption\":\"Ristorante Al Moro\"},\"image\":{\"@id\":\"https:\/\/www.ristorantealmoro.it\/de\/#\/schema\/logo\/image\/\"},\"sameAs\":[\"https:\/\/www.facebook.com\/ristorantealmoro\",\"https:\/\/www.instagram.com\/ristorante_al_moro\/\"]}]}<\/script>\n<!-- \/ Yoast SEO plugin. -->","yoast_head_json":{"title":"Weinkeller - Ristorante al Moro - Insel Elba","description":"Unser Weinkeller enth\u00e4lt eine Auswahl von ca. 150 Etiketten, die gut zu den vom K\u00fcchenchef vorgeschlagenen kulinarischen Angeboten passen.","robots":{"index":"index","follow":"follow","max-snippet":"max-snippet:-1","max-image-preview":"max-image-preview:large","max-video-preview":"max-video-preview:-1"},"canonical":"https:\/\/www.ristorantealmoro.it\/de\/weinkeller\/","og_locale":"de_DE","og_type":"article","og_title":"Weinkeller - Ristorante al Moro - Insel Elba","og_description":"Unser Weinkeller enth\u00e4lt eine Auswahl von ca. 150 Etiketten, die gut zu den vom K\u00fcchenchef vorgeschlagenen kulinarischen Angeboten passen.","og_url":"https:\/\/www.ristorantealmoro.it\/de\/weinkeller\/","og_site_name":"Ristorante al Moro","article_publisher":"https:\/\/www.facebook.com\/ristorantealmoro","article_modified_time":"2020-05-11T15:12:35+00:00","twitter_card":"summary_large_image","twitter_misc":{"Gesch\u00e4tzte Lesezeit":"1\u00a0Minute"},"schema":{"@context":"https:\/\/schema.org","@graph":[{"@type":"WebPage","@id":"https:\/\/www.ristorantealmoro.it\/de\/weinkeller\/","url":"https:\/\/www.ristorantealmoro.it\/de\/weinkeller\/","name":"Weinkeller - Ristorante al Moro - Insel Elba","isPartOf":{"@id":"https:\/\/www.ristorantealmoro.it\/de\/#website"},"datePublished":"2020-05-06T13:45:49+00:00","dateModified":"2020-05-11T15:12:35+00:00","description":"Unser Weinkeller enth\u00e4lt eine Auswahl von ca. 150 Etiketten, die gut zu den vom K\u00fcchenchef vorgeschlagenen kulinarischen Angeboten passen.","breadcrumb":{"@id":"https:\/\/www.ristorantealmoro.it\/de\/weinkeller\/#breadcrumb"},"inLanguage":"de","potentialAction":[{"@type":"ReadAction","target":["https:\/\/www.ristorantealmoro.it\/de\/weinkeller\/"]}]},{"@type":"BreadcrumbList","@id":"https:\/\/www.ristorantealmoro.it\/de\/weinkeller\/#breadcrumb","itemListElement":[{"@type":"ListItem","position":1,"name":"Home","item":"https:\/\/www.ristorantealmoro.it\/de\/"},{"@type":"ListItem","position":2,"name":"Weinkeller"}]},{"@type":"WebSite","@id":"https:\/\/www.ristorantealmoro.it\/de\/#website","url":"https:\/\/www.ristorantealmoro.it\/de\/","name":"Ristorante al Moro","description":"Tradizione italiana e genio creativo","publisher":{"@id":"https:\/\/www.ristorantealmoro.it\/de\/#organization"},"potentialAction":[{"@type":"SearchAction","target":{"@type":"EntryPoint","urlTemplate":"https:\/\/www.ristorantealmoro.it\/de\/?s={search_term_string}"},"query-input":{"@type":"PropertyValueSpecification","valueRequired":true,"valueName":"search_term_string"}}],"inLanguage":"de"},{"@type":"Organization","@id":"https:\/\/www.ristorantealmoro.it\/de\/#organization","name":"Ristorante Al Moro","url":"https:\/\/www.ristorantealmoro.it\/de\/","logo":{"@type":"ImageObject","inLanguage":"de","@id":"https:\/\/www.ristorantealmoro.it\/de\/#\/schema\/logo\/image\/","url":"https:\/\/www.ristorantealmoro.it\/wp-content\/uploads\/ristorante_al_moro_black.png","contentUrl":"https:\/\/www.ristorantealmoro.it\/wp-content\/uploads\/ristorante_al_moro_black.png","width":280,"height":134,"caption":"Ristorante Al Moro"},"image":{"@id":"https:\/\/www.ristorantealmoro.it\/de\/#\/schema\/logo\/image\/"},"sameAs":["https:\/\/www.facebook.com\/ristorantealmoro","https:\/\/www.instagram.com\/ristorante_al_moro\/"]}]}},"_links":{"self":[{"href":"https:\/\/www.ristorantealmoro.it\/de\/wp-json\/wp\/v2\/pages\/1000604","targetHints":{"allow":["GET"]}}],"collection":[{"href":"https:\/\/www.ristorantealmoro.it\/de\/wp-json\/wp\/v2\/pages"}],"about":[{"href":"https:\/\/www.ristorantealmoro.it\/de\/wp-json\/wp\/v2\/types\/page"}],"author":[{"embeddable":true,"href":"https:\/\/www.ristorantealmoro.it\/de\/wp-json\/wp\/v2\/users\/1"}],"replies":[{"embeddable":true,"href":"https:\/\/www.ristorantealmoro.it\/de\/wp-json\/wp\/v2\/comments?post=1000604"}],"version-history":[{"count":3,"href":"https:\/\/www.ristorantealmoro.it\/de\/wp-json\/wp\/v2\/pages\/1000604\/revisions"}],"predecessor-version":[{"id":1000658,"href":"https:\/\/www.ristorantealmoro.it\/de\/wp-json\/wp\/v2\/pages\/1000604\/revisions\/1000658"}],"wp:attachment":[{"href":"https:\/\/www.ristorantealmoro.it\/de\/wp-json\/wp\/v2\/media?parent=1000604"}],"curies":[{"name":"wp","href":"https:\/\/api.w.org\/{rel}","templated":true}]}}