{"id":1000654,"date":"2020-05-07T14:14:57","date_gmt":"2020-05-07T12:14:57","guid":{"rendered":"https:\/\/www.ristorantealmoro.it\/privacy-policy\/"},"modified":"2020-05-07T14:14:57","modified_gmt":"2020-05-07T12:14:57","slug":"privacy-policy","status":"publish","type":"page","link":"https:\/\/www.ristorantealmoro.it\/en\/privacy-policy\/","title":{"rendered":"Privacy Policy"},"content":{"rendered":"<p>{&#8220;main-title&#8221;:{&#8220;component&#8221;:&#8221;hc_title&#8221;,&#8221;id&#8221;:&#8221;main-title&#8221;,&#8221;title&#8221;:&#8221;&#8221;,&#8221;subtitle&#8221;:&#8221;(versione di maggio 2020)&#8221;,&#8221;title_content&#8221;:{&#8220;component&#8221;:&#8221;hc_title_image&#8221;,&#8221;id&#8221;:&#8221;title-image&#8221;,&#8221;image&#8221;:&#8221;&#8221;,&#8221;full_screen&#8221;:false,&#8221;full_screen_height&#8221;:&#8221;&#8221;,&#8221;parallax&#8221;:true,&#8221;bleed&#8221;:&#8221;&#8221;,&#8221;ken_burn&#8221;:&#8221;ken-burn-center&#8221;,&#8221;overlay&#8221;:&#8221;transparent-dark&#8221;,&#8221;breadcrumbs&#8221;:false,&#8221;white&#8221;:true,&#8221;position&#8221;:&#8221;&#8221;}},&#8221;section_5ZtkF&#8221;:{&#8220;component&#8221;:&#8221;hc_section&#8221;,&#8221;id&#8221;:&#8221;section_5ZtkF&#8221;,&#8221;section_width&#8221;:&#8221;&#8221;,&#8221;animation&#8221;:&#8221;&#8221;,&#8221;animation_time&#8221;:&#8221;&#8221;,&#8221;timeline_animation&#8221;:&#8221;&#8221;,&#8221;timeline_delay&#8221;:&#8221;&#8221;,&#8221;timeline_order&#8221;:&#8221;&#8221;,&#8221;vertical_row&#8221;:&#8221;&#8221;,&#8221;box_middle&#8221;:&#8221;&#8221;,&#8221;css_classes&#8221;:&#8221;&#8221;,&#8221;custom_css_classes&#8221;:&#8221;&#8221;,&#8221;custom_css_styles&#8221;:&#8221;&#8221;,&#8221;section_content&#8221;:[{&#8220;component&#8221;:&#8221;hc_column&#8221;,&#8221;id&#8221;:&#8221;column_DeycV&#8221;,&#8221;column_width&#8221;:&#8221;col-md-12&#8243;,&#8221;animation&#8221;:&#8221;&#8221;,&#8221;animation_time&#8221;:&#8221;&#8221;,&#8221;timeline_animation&#8221;:&#8221;&#8221;,&#8221;timeline_delay&#8221;:&#8221;&#8221;,&#8221;timeline_order&#8221;:&#8221;&#8221;,&#8221;css_classes&#8221;:&#8221;&#8221;,&#8221;custom_css_classes&#8221;:&#8221;&#8221;,&#8221;custom_css_styles&#8221;:&#8221;&#8221;,&#8221;main_content&#8221;:[{&#8220;component&#8221;:&#8221;hc_text_block&#8221;,&#8221;id&#8221;:&#8221;yLRCT&#8221;,&#8221;css_classes&#8221;:&#8221;&#8221;,&#8221;custom_css_classes&#8221;:&#8221;&#8221;,&#8221;custom_css_styles&#8221;:&#8221;&#8221;,&#8221;content&#8221;:&#8221;<\/p>\n<p>Gentile Cliente,<\/p>\n<p>\\n<\/p>\n<p>ai sensi della normativa vigente in materia di protezione dei dati personali (Regolamento UE n. 679 del 2016), desideriamo informarla che i trattamenti dei suoi dati personali sono effettuati con correttezza e trasparenza, per fini leciti e tutelando la sua riservatezza ed i suoi diritti.<\/p>\n<p>\\n<\/p>\n<p>I trattamenti sono effettuati anche con l\u2019ausilio di mezzi informatici per le seguenti finalit\u00e0:<\/p>\n<p>\\n<\/p>\n<ol>\\n<\/p>\n<li><u>per acquisire e confermare la sua prenotazione<\/u>. Trattandosi di trattamenti necessari per la definizione della prenotazione e per la sua successiva attuazione, non \u00e8 richiesto il suo consenso, tranne nel caso in cui siano conferiti dati particolari, cosiddetti sensibili. In caso di rifiuto a conferire i dati personali, non potremo confermare la prenotazione;<\/li>\n<p>\\n<\/p>\n<li><u>per adempiere ai vigenti obblighi amministrativi, contabili e fiscali<\/u>. Per tali finalit\u00e0 il trattamento \u00e8 effettuato senza necessit\u00e0 di acquisire il suo consenso. I dati sono trattati da noi e da nostri incaricati, e vengono comunicati all\u2019esterno solo in adempimento ad obblighi di legge. In caso di rifiuto a conferire i dati necessari per gli adempimenti sopra indicati, non potremo fornirle i servizi richiesti. I dati acquisiti per tali finalit\u00e0 vengono da noi conservati per il tempo previsto dalle rispettive normative (10 anni, e anche oltre in caso di accertamenti fiscali);<\/li>\n<p>\\n<\/p>\n<li><u>per inviarle nostri messaggi promozionali e aggiornamenti sulle tariffe e sulle offerte praticate<\/u>. Per tale finalit\u00e0, previa acquisizione del suo consenso, i suoi dati saranno conservati per il periodo massimo di 2 anni e non saranno comunicati a terzi. Potr\u00e0 revocare il consenso in qualsiasi momento;<\/li>\n<p>\\n<\/p>\n<li><u>per fini di protezione delle persone, della propriet\u00e0 e del patrimonio aziendale attraverso un sistema di videosorveglianza di alcune aree della struttura, individuabili per la presenza di appositi cartelli<\/u>. Per tale trattamento non \u00e8 richiesto il suo consenso, in quanto persegue il nostro legittimo interesse a tutelare le persone ed i beni rispetto a possibili aggressioni, furti, rapine, danneggiamenti, atti di vandalismo e per finalit\u00e0 di prevenzione incendi e di sicurezza del lavoro. Le immagini registrate sono cancellate dopo 24 ore, salvo festivi o altri casi di chiusura dell\u2019esercizio, e comunque non oltre una settimana. Non sono oggetto di comunicazione a terzi, tranne nel caso in cui si debba aderire ad una specifica richiesta investigativa dell\u2019autorit\u00e0 giudiziaria o di polizia giudiziaria.<\/li>\n<p>\\n<\/ol>\n<p>\\n<\/p>\n<p>Desideriamo inoltre informarla che il Regolamento europeo le riconosce alcuni diritti, tra cui il diritto di accesso e di rettifica, o di cancellazione o di limitazione o di opposizione al trattamento, oltre al diritto alla portabilit\u00e0 dei dati, se ed in quanto applicabili (articoli da 15 a 22 del Regolamento UE n. 679 del 2016). Pu\u00f2 inoltre proporre reclamo all\u2019autorit\u00e0 di controllo, secondo le procedure previste dalla normativa vigente.<\/p>\n<p>\\n<\/p>\n<p>Per qualsiasi ulteriore informazione, e per far valere i diritti a lei riconosciuti dal Regolamento europeo, potr\u00e0 rivolgersi a:<br \/>\\n<strong>Titolare del trattamento<\/strong>: Agogo s.n.c., 392 4430495, info@ristorantealmoro.it<br \/>\\n<strong>Responsabile del trattamento<\/strong>: Stefano Sandolo, 392 4430495, info@ristorantealmoro.it<\/p>\n<p>&#8220;}]}],&#8221;section_settings&#8221;:&#8221;&#8221;},&#8221;scripts&#8221;:{&#8220;parallax&#8221;:&#8221;parallax.min.js&#8221;},&#8221;css&#8221;:{},&#8221;css_page&#8221;:&#8221;&#8221;,&#8221;template_setting&#8221;:{&#8220;settings&#8221;:{&#8220;id&#8221;:&#8221;settings&#8221;}},&#8221;template_setting_top&#8221;:{},&#8221;page_setting&#8221;:{&#8220;settings&#8221;:[&#8220;lock-mode-off&#8221;]}}<\/p>\n","protected":false},"excerpt":{"rendered":"<p>{&#8220;main-title&#8221;:{&#8220;component&#8221;:&#8221;hc_title&#8221;,&#8221;id&#8221;:&#8221;main-title&#8221;,&#8221;title&#8221;:&#8221;&#8221;,&#8221;subtitle&#8221;:&#8221;(versione di maggio 2020)&#8221;,&#8221;title_content&#8221;:{&#8220;component&#8221;:&#8221;hc_title_image&#8221;,&#8221;id&#8221;:&#8221;title-image&#8221;,&#8221;image&#8221;:&#8221;&#8221;,&#8221;full_screen&#8221;:false,&#8221;full_screen_height&#8221;:&#8221;&#8221;,&#8221;parallax&#8221;:true,&#8221;bleed&#8221;:&#8221;&#8221;,&#8221;ken_burn&#8221;:&#8221;ken-burn-center&#8221;,&#8221;overlay&#8221;:&#8221;transparent-dark&#8221;,&#8221;breadcrumbs&#8221;:false,&#8221;white&#8221;:true,&#8221;position&#8221;:&#8221;&#8221;}},&#8221;section_5ZtkF&#8221;:{&#8220;component&#8221;:&#8221;hc_section&#8221;,&#8221;id&#8221;:&#8221;section_5ZtkF&#8221;,&#8221;section_width&#8221;:&#8221;&#8221;,&#8221;animation&#8221;:&#8221;&#8221;,&#8221;animation_time&#8221;:&#8221;&#8221;,&#8221;timeline_animation&#8221;:&#8221;&#8221;,&#8221;timeline_delay&#8221;:&#8221;&#8221;,&#8221;timeline_order&#8221;:&#8221;&#8221;,&#8221;vertical_row&#8221;:&#8221;&#8221;,&#8221;box_middle&#8221;:&#8221;&#8221;,&#8221;css_classes&#8221;:&#8221;&#8221;,&#8221;custom_css_classes&#8221;:&#8221;&#8221;,&#8221;custom_css_styles&#8221;:&#8221;&#8221;,&#8221;section_content&#8221;:[{&#8220;component&#8221;:&#8221;hc_column&#8221;,&#8221;id&#8221;:&#8221;column_DeycV&#8221;,&#8221;column_width&#8221;:&#8221;col-md-12&#8243;,&#8221;animation&#8221;:&#8221;&#8221;,&#8221;animation_time&#8221;:&#8221;&#8221;,&#8221;timeline_animation&#8221;:&#8221;&#8221;,&#8221;timeline_delay&#8221;:&#8221;&#8221;,&#8221;timeline_order&#8221;:&#8221;&#8221;,&#8221;css_classes&#8221;:&#8221;&#8221;,&#8221;custom_css_classes&#8221;:&#8221;&#8221;,&#8221;custom_css_styles&#8221;:&#8221;&#8221;,&#8221;main_content&#8221;:[{&#8220;component&#8221;:&#8221;hc_text_block&#8221;,&#8221;id&#8221;:&#8221;yLRCT&#8221;,&#8221;css_classes&#8221;:&#8221;&#8221;,&#8221;custom_css_classes&#8221;:&#8221;&#8221;,&#8221;custom_css_styles&#8221;:&#8221;&#8221;,&#8221;content&#8221;:&#8221; Gentile Cliente, \\n ai sensi della normativa vigente in materia di protezione dei dati personali (Regolamento UE n. 679 del 2016), desideriamo informarla che i trattamenti dei suoi dati personali sono effettuati con correttezza e trasparenza, per fini leciti e tutelando la sua riservatezza ed i suoi diritti. \\n I trattamenti [&hellip;]<\/p>\n","protected":false},"author":1,"featured_media":0,"parent":0,"menu_order":99,"comment_status":"closed","ping_status":"closed","template":"","meta":{"footnotes":""},"class_list":["post-1000654","page","type-page","status-publish","hentry"],"yoast_head":"<!-- This site is optimized with the Yoast SEO plugin v27.1.1 - https:\/\/yoast.com\/product\/yoast-seo-wordpress\/ -->\n<title>Privacy Policy - Ristorante al Moro - Isola d&#039;Elba<\/title>\n<meta name=\"robots\" content=\"noindex, nofollow\" \/>\n<meta property=\"og:locale\" content=\"en_US\" \/>\n<meta property=\"og:type\" content=\"article\" \/>\n<meta property=\"og:title\" content=\"Privacy Policy - Ristorante al Moro - Isola d&#039;Elba\" \/>\n<meta property=\"og:description\" content=\"{&#8220;main-title&#8221;:{&#8220;component&#8221;:&#8221;hc_title&#8221;,&#8221;id&#8221;:&#8221;main-title&#8221;,&#8221;title&#8221;:&#8221;&#8221;,&#8221;subtitle&#8221;:&#8221;(versione di maggio 2020)&#8221;,&#8221;title_content&#8221;:{&#8220;component&#8221;:&#8221;hc_title_image&#8221;,&#8221;id&#8221;:&#8221;title-image&#8221;,&#8221;image&#8221;:&#8221;&#8221;,&#8221;full_screen&#8221;:false,&#8221;full_screen_height&#8221;:&#8221;&#8221;,&#8221;parallax&#8221;:true,&#8221;bleed&#8221;:&#8221;&#8221;,&#8221;ken_burn&#8221;:&#8221;ken-burn-center&#8221;,&#8221;overlay&#8221;:&#8221;transparent-dark&#8221;,&#8221;breadcrumbs&#8221;:false,&#8221;white&#8221;:true,&#8221;position&#8221;:&#8221;&#8221;}},&#8221;section_5ZtkF&#8221;:{&#8220;component&#8221;:&#8221;hc_section&#8221;,&#8221;id&#8221;:&#8221;section_5ZtkF&#8221;,&#8221;section_width&#8221;:&#8221;&#8221;,&#8221;animation&#8221;:&#8221;&#8221;,&#8221;animation_time&#8221;:&#8221;&#8221;,&#8221;timeline_animation&#8221;:&#8221;&#8221;,&#8221;timeline_delay&#8221;:&#8221;&#8221;,&#8221;timeline_order&#8221;:&#8221;&#8221;,&#8221;vertical_row&#8221;:&#8221;&#8221;,&#8221;box_middle&#8221;:&#8221;&#8221;,&#8221;css_classes&#8221;:&#8221;&#8221;,&#8221;custom_css_classes&#8221;:&#8221;&#8221;,&#8221;custom_css_styles&#8221;:&#8221;&#8221;,&#8221;section_content&#8221;:[{&#8220;component&#8221;:&#8221;hc_column&#8221;,&#8221;id&#8221;:&#8221;column_DeycV&#8221;,&#8221;column_width&#8221;:&#8221;col-md-12&#8243;,&#8221;animation&#8221;:&#8221;&#8221;,&#8221;animation_time&#8221;:&#8221;&#8221;,&#8221;timeline_animation&#8221;:&#8221;&#8221;,&#8221;timeline_delay&#8221;:&#8221;&#8221;,&#8221;timeline_order&#8221;:&#8221;&#8221;,&#8221;css_classes&#8221;:&#8221;&#8221;,&#8221;custom_css_classes&#8221;:&#8221;&#8221;,&#8221;custom_css_styles&#8221;:&#8221;&#8221;,&#8221;main_content&#8221;:[{&#8220;component&#8221;:&#8221;hc_text_block&#8221;,&#8221;id&#8221;:&#8221;yLRCT&#8221;,&#8221;css_classes&#8221;:&#8221;&#8221;,&#8221;custom_css_classes&#8221;:&#8221;&#8221;,&#8221;custom_css_styles&#8221;:&#8221;&#8221;,&#8221;content&#8221;:&#8221; Gentile Cliente, n ai sensi della normativa vigente in materia di protezione dei dati personali (Regolamento UE n. 679 del 2016), desideriamo informarla che i trattamenti dei suoi dati personali sono effettuati con correttezza e trasparenza, per fini leciti e tutelando la sua riservatezza ed i suoi diritti. n I trattamenti [&hellip;]\" \/>\n<meta property=\"og:url\" content=\"https:\/\/www.ristorantealmoro.it\/en\/privacy-policy\/\" \/>\n<meta property=\"og:site_name\" content=\"Ristorante al Moro\" \/>\n<meta property=\"article:publisher\" content=\"https:\/\/www.facebook.com\/ristorantealmoro\" \/>\n<meta name=\"twitter:card\" content=\"summary_large_image\" \/>\n<meta name=\"twitter:label1\" content=\"Est. reading time\" \/>\n\t<meta name=\"twitter:data1\" content=\"3 minutes\" \/>\n<script type=\"application\/ld+json\" class=\"yoast-schema-graph\">{\"@context\":\"https:\/\/schema.org\",\"@graph\":[{\"@type\":\"WebPage\",\"@id\":\"https:\/\/www.ristorantealmoro.it\/en\/privacy-policy\/\",\"url\":\"https:\/\/www.ristorantealmoro.it\/en\/privacy-policy\/\",\"name\":\"Privacy Policy - Ristorante al Moro - Isola d'Elba\",\"isPartOf\":{\"@id\":\"https:\/\/www.ristorantealmoro.it\/en\/#website\"},\"datePublished\":\"2020-05-07T12:14:57+00:00\",\"breadcrumb\":{\"@id\":\"https:\/\/www.ristorantealmoro.it\/en\/privacy-policy\/#breadcrumb\"},\"inLanguage\":\"en-US\",\"potentialAction\":[{\"@type\":\"ReadAction\",\"target\":[\"https:\/\/www.ristorantealmoro.it\/en\/privacy-policy\/\"]}]},{\"@type\":\"BreadcrumbList\",\"@id\":\"https:\/\/www.ristorantealmoro.it\/en\/privacy-policy\/#breadcrumb\",\"itemListElement\":[{\"@type\":\"ListItem\",\"position\":1,\"name\":\"Home\",\"item\":\"https:\/\/www.ristorantealmoro.it\/en\/\"},{\"@type\":\"ListItem\",\"position\":2,\"name\":\"Privacy Policy\"}]},{\"@type\":\"WebSite\",\"@id\":\"https:\/\/www.ristorantealmoro.it\/en\/#website\",\"url\":\"https:\/\/www.ristorantealmoro.it\/en\/\",\"name\":\"Ristorante al Moro\",\"description\":\"Tradizione italiana e genio creativo\",\"publisher\":{\"@id\":\"https:\/\/www.ristorantealmoro.it\/en\/#organization\"},\"potentialAction\":[{\"@type\":\"SearchAction\",\"target\":{\"@type\":\"EntryPoint\",\"urlTemplate\":\"https:\/\/www.ristorantealmoro.it\/en\/?s={search_term_string}\"},\"query-input\":{\"@type\":\"PropertyValueSpecification\",\"valueRequired\":true,\"valueName\":\"search_term_string\"}}],\"inLanguage\":\"en-US\"},{\"@type\":\"Organization\",\"@id\":\"https:\/\/www.ristorantealmoro.it\/en\/#organization\",\"name\":\"Ristorante Al Moro\",\"url\":\"https:\/\/www.ristorantealmoro.it\/en\/\",\"logo\":{\"@type\":\"ImageObject\",\"inLanguage\":\"en-US\",\"@id\":\"https:\/\/www.ristorantealmoro.it\/en\/#\/schema\/logo\/image\/\",\"url\":\"https:\/\/www.ristorantealmoro.it\/wp-content\/uploads\/ristorante_al_moro_black.png\",\"contentUrl\":\"https:\/\/www.ristorantealmoro.it\/wp-content\/uploads\/ristorante_al_moro_black.png\",\"width\":280,\"height\":134,\"caption\":\"Ristorante Al Moro\"},\"image\":{\"@id\":\"https:\/\/www.ristorantealmoro.it\/en\/#\/schema\/logo\/image\/\"},\"sameAs\":[\"https:\/\/www.facebook.com\/ristorantealmoro\",\"https:\/\/www.instagram.com\/ristorante_al_moro\/\"]}]}<\/script>\n<!-- \/ Yoast SEO plugin. -->","yoast_head_json":{"title":"Privacy Policy - Ristorante al Moro - Isola d'Elba","robots":{"index":"noindex","follow":"nofollow"},"og_locale":"en_US","og_type":"article","og_title":"Privacy Policy - Ristorante al Moro - Isola d'Elba","og_description":"{&#8220;main-title&#8221;:{&#8220;component&#8221;:&#8221;hc_title&#8221;,&#8221;id&#8221;:&#8221;main-title&#8221;,&#8221;title&#8221;:&#8221;&#8221;,&#8221;subtitle&#8221;:&#8221;(versione di maggio 2020)&#8221;,&#8221;title_content&#8221;:{&#8220;component&#8221;:&#8221;hc_title_image&#8221;,&#8221;id&#8221;:&#8221;title-image&#8221;,&#8221;image&#8221;:&#8221;&#8221;,&#8221;full_screen&#8221;:false,&#8221;full_screen_height&#8221;:&#8221;&#8221;,&#8221;parallax&#8221;:true,&#8221;bleed&#8221;:&#8221;&#8221;,&#8221;ken_burn&#8221;:&#8221;ken-burn-center&#8221;,&#8221;overlay&#8221;:&#8221;transparent-dark&#8221;,&#8221;breadcrumbs&#8221;:false,&#8221;white&#8221;:true,&#8221;position&#8221;:&#8221;&#8221;}},&#8221;section_5ZtkF&#8221;:{&#8220;component&#8221;:&#8221;hc_section&#8221;,&#8221;id&#8221;:&#8221;section_5ZtkF&#8221;,&#8221;section_width&#8221;:&#8221;&#8221;,&#8221;animation&#8221;:&#8221;&#8221;,&#8221;animation_time&#8221;:&#8221;&#8221;,&#8221;timeline_animation&#8221;:&#8221;&#8221;,&#8221;timeline_delay&#8221;:&#8221;&#8221;,&#8221;timeline_order&#8221;:&#8221;&#8221;,&#8221;vertical_row&#8221;:&#8221;&#8221;,&#8221;box_middle&#8221;:&#8221;&#8221;,&#8221;css_classes&#8221;:&#8221;&#8221;,&#8221;custom_css_classes&#8221;:&#8221;&#8221;,&#8221;custom_css_styles&#8221;:&#8221;&#8221;,&#8221;section_content&#8221;:[{&#8220;component&#8221;:&#8221;hc_column&#8221;,&#8221;id&#8221;:&#8221;column_DeycV&#8221;,&#8221;column_width&#8221;:&#8221;col-md-12&#8243;,&#8221;animation&#8221;:&#8221;&#8221;,&#8221;animation_time&#8221;:&#8221;&#8221;,&#8221;timeline_animation&#8221;:&#8221;&#8221;,&#8221;timeline_delay&#8221;:&#8221;&#8221;,&#8221;timeline_order&#8221;:&#8221;&#8221;,&#8221;css_classes&#8221;:&#8221;&#8221;,&#8221;custom_css_classes&#8221;:&#8221;&#8221;,&#8221;custom_css_styles&#8221;:&#8221;&#8221;,&#8221;main_content&#8221;:[{&#8220;component&#8221;:&#8221;hc_text_block&#8221;,&#8221;id&#8221;:&#8221;yLRCT&#8221;,&#8221;css_classes&#8221;:&#8221;&#8221;,&#8221;custom_css_classes&#8221;:&#8221;&#8221;,&#8221;custom_css_styles&#8221;:&#8221;&#8221;,&#8221;content&#8221;:&#8221; Gentile Cliente, n ai sensi della normativa vigente in materia di protezione dei dati personali (Regolamento UE n. 679 del 2016), desideriamo informarla che i trattamenti dei suoi dati personali sono effettuati con correttezza e trasparenza, per fini leciti e tutelando la sua riservatezza ed i suoi diritti. n I trattamenti [&hellip;]","og_url":"https:\/\/www.ristorantealmoro.it\/en\/privacy-policy\/","og_site_name":"Ristorante al Moro","article_publisher":"https:\/\/www.facebook.com\/ristorantealmoro","twitter_card":"summary_large_image","twitter_misc":{"Est. reading time":"3 minutes"},"schema":{"@context":"https:\/\/schema.org","@graph":[{"@type":"WebPage","@id":"https:\/\/www.ristorantealmoro.it\/en\/privacy-policy\/","url":"https:\/\/www.ristorantealmoro.it\/en\/privacy-policy\/","name":"Privacy Policy - Ristorante al Moro - Isola d'Elba","isPartOf":{"@id":"https:\/\/www.ristorantealmoro.it\/en\/#website"},"datePublished":"2020-05-07T12:14:57+00:00","breadcrumb":{"@id":"https:\/\/www.ristorantealmoro.it\/en\/privacy-policy\/#breadcrumb"},"inLanguage":"en-US","potentialAction":[{"@type":"ReadAction","target":["https:\/\/www.ristorantealmoro.it\/en\/privacy-policy\/"]}]},{"@type":"BreadcrumbList","@id":"https:\/\/www.ristorantealmoro.it\/en\/privacy-policy\/#breadcrumb","itemListElement":[{"@type":"ListItem","position":1,"name":"Home","item":"https:\/\/www.ristorantealmoro.it\/en\/"},{"@type":"ListItem","position":2,"name":"Privacy Policy"}]},{"@type":"WebSite","@id":"https:\/\/www.ristorantealmoro.it\/en\/#website","url":"https:\/\/www.ristorantealmoro.it\/en\/","name":"Ristorante al Moro","description":"Tradizione italiana e genio creativo","publisher":{"@id":"https:\/\/www.ristorantealmoro.it\/en\/#organization"},"potentialAction":[{"@type":"SearchAction","target":{"@type":"EntryPoint","urlTemplate":"https:\/\/www.ristorantealmoro.it\/en\/?s={search_term_string}"},"query-input":{"@type":"PropertyValueSpecification","valueRequired":true,"valueName":"search_term_string"}}],"inLanguage":"en-US"},{"@type":"Organization","@id":"https:\/\/www.ristorantealmoro.it\/en\/#organization","name":"Ristorante Al Moro","url":"https:\/\/www.ristorantealmoro.it\/en\/","logo":{"@type":"ImageObject","inLanguage":"en-US","@id":"https:\/\/www.ristorantealmoro.it\/en\/#\/schema\/logo\/image\/","url":"https:\/\/www.ristorantealmoro.it\/wp-content\/uploads\/ristorante_al_moro_black.png","contentUrl":"https:\/\/www.ristorantealmoro.it\/wp-content\/uploads\/ristorante_al_moro_black.png","width":280,"height":134,"caption":"Ristorante Al Moro"},"image":{"@id":"https:\/\/www.ristorantealmoro.it\/en\/#\/schema\/logo\/image\/"},"sameAs":["https:\/\/www.facebook.com\/ristorantealmoro","https:\/\/www.instagram.com\/ristorante_al_moro\/"]}]}},"_links":{"self":[{"href":"https:\/\/www.ristorantealmoro.it\/en\/wp-json\/wp\/v2\/pages\/1000654","targetHints":{"allow":["GET"]}}],"collection":[{"href":"https:\/\/www.ristorantealmoro.it\/en\/wp-json\/wp\/v2\/pages"}],"about":[{"href":"https:\/\/www.ristorantealmoro.it\/en\/wp-json\/wp\/v2\/types\/page"}],"author":[{"embeddable":true,"href":"https:\/\/www.ristorantealmoro.it\/en\/wp-json\/wp\/v2\/users\/1"}],"replies":[{"embeddable":true,"href":"https:\/\/www.ristorantealmoro.it\/en\/wp-json\/wp\/v2\/comments?post=1000654"}],"version-history":[{"count":0,"href":"https:\/\/www.ristorantealmoro.it\/en\/wp-json\/wp\/v2\/pages\/1000654\/revisions"}],"wp:attachment":[{"href":"https:\/\/www.ristorantealmoro.it\/en\/wp-json\/wp\/v2\/media?parent=1000654"}],"curies":[{"name":"wp","href":"https:\/\/api.w.org\/{rel}","templated":true}]}}